{"id":3236,"date":"2024-07-21T20:13:09","date_gmt":"2024-07-21T19:13:09","guid":{"rendered":"https:\/\/technosolutions.tn\/tsc\/?page_id=3236"},"modified":"2024-08-09T21:09:00","modified_gmt":"2024-08-09T20:09:00","slug":"tcu-dk","status":"publish","type":"page","link":"https:\/\/technosolutions.tn\/tsc\/tsc-produits\/industrie-cablage-automobile\/bains-de-soudure\/tcu-dk\/","title":{"rendered":"TCU-DK"},"content":{"rendered":"\t\t<div data-elementor-type=\"wp-post\" data-elementor-id=\"3236\" class=\"elementor elementor-3236\" data-elementor-post-type=\"page\">\n\t\t\t\t<div class=\"elementor-element elementor-element-1fe0d2e5 e-con-full e-flex e-con e-parent\" data-id=\"1fe0d2e5\" data-element_type=\"container\">\n\t\t<div class=\"elementor-element elementor-element-1c7883fd e-con-full e-flex e-con e-child\" data-id=\"1c7883fd\" data-element_type=\"container\">\n\t\t\t\t<div class=\"elementor-element elementor-element-21c9ab0b elementor-widget-divider--view-line elementor-invisible elementor-widget elementor-widget-divider\" data-id=\"21c9ab0b\" data-element_type=\"widget\" data-settings=\"{&quot;_animation&quot;:&quot;fadeInLeft&quot;}\" data-widget_type=\"divider.default\">\n\t\t\t\t<div class=\"elementor-widget-container\">\n\t\t\t\t\t\t\t<div class=\"elementor-divider\">\n\t\t\t<span class=\"elementor-divider-separator\">\n\t\t\t\t\t\t<\/span>\n\t\t<\/div>\n\t\t\t\t\t\t<\/div>\n\t\t\t\t<\/div>\n\t\t\t\t<div class=\"elementor-element elementor-element-436c9ce2 elementor-widget elementor-widget-heading\" data-id=\"436c9ce2\" data-element_type=\"widget\" data-widget_type=\"heading.default\">\n\t\t\t\t<div class=\"elementor-widget-container\">\n\t\t\t\t\t<h2 class=\"elementor-heading-title elementor-size-default\">Unit\u00e9 de r\u00e9gulation \n\nTCU-DK<\/h2>\t\t\t\t<\/div>\n\t\t\t\t<\/div>\n\t\t\t\t<div class=\"elementor-element elementor-element-2f0afbf4 elementor-widget__width-inherit elementor-invisible elementor-widget elementor-widget-image\" data-id=\"2f0afbf4\" data-element_type=\"widget\" data-settings=\"{&quot;_animation&quot;:&quot;fadeIn&quot;}\" data-widget_type=\"image.default\">\n\t\t\t\t<div class=\"elementor-widget-container\">\n\t\t\t\t\t\t\t\t\t\t\t\t\t\t\t<img data-opt-id=603707929  fetchpriority=\"high\" decoding=\"async\" width=\"800\" height=\"533\" src=\"https:\/\/mloxhnuhrlgu.i.optimole.com\/cb:pNqe.61d\/w:800\/h:533\/q:mauto\/f:best\/https:\/\/technosolutions.tn\/tsc\/wp-content\/uploads\/2024\/07\/TCU.png\" class=\"attachment-large size-large wp-image-3089\" alt=\"\" srcset=\"https:\/\/mloxhnuhrlgu.i.optimole.com\/cb:pNqe.61d\/w:1200\/h:800\/q:mauto\/f:best\/https:\/\/technosolutions.tn\/tsc\/wp-content\/uploads\/2024\/07\/TCU.png 1200w, https:\/\/mloxhnuhrlgu.i.optimole.com\/cb:pNqe.61d\/w:300\/h:200\/q:mauto\/f:best\/https:\/\/technosolutions.tn\/tsc\/wp-content\/uploads\/2024\/07\/TCU.png 300w, https:\/\/mloxhnuhrlgu.i.optimole.com\/cb:pNqe.61d\/w:1024\/h:683\/q:mauto\/f:best\/https:\/\/technosolutions.tn\/tsc\/wp-content\/uploads\/2024\/07\/TCU.png 1024w, https:\/\/mloxhnuhrlgu.i.optimole.com\/cb:pNqe.61d\/w:768\/h:512\/q:mauto\/f:best\/https:\/\/technosolutions.tn\/tsc\/wp-content\/uploads\/2024\/07\/TCU.png 768w\" sizes=\"(max-width: 800px) 100vw, 800px\" \/>\t\t\t\t\t\t\t\t\t\t\t\t\t\t\t<\/div>\n\t\t\t\t<\/div>\n\t\t\t\t<\/div>\n\t\t<div class=\"elementor-element elementor-element-28b46370 e-con-full e-flex e-con e-child\" data-id=\"28b46370\" data-element_type=\"container\">\n\t\t\t\t<div class=\"elementor-element elementor-element-5843578b elementor-widget__width-initial elementor-invisible elementor-widget elementor-widget-image\" data-id=\"5843578b\" data-element_type=\"widget\" data-settings=\"{&quot;_animation&quot;:&quot;fadeInDown&quot;,&quot;_animation_tablet&quot;:&quot;fadeInLeft&quot;}\" data-widget_type=\"image.default\">\n\t\t\t\t<div class=\"elementor-widget-container\">\n\t\t\t\t\t\t\t\t\t\t\t\t\t\t\t<img data-opt-id=2067793113  fetchpriority=\"high\" decoding=\"async\" width=\"407\" height=\"495\" src=\"https:\/\/mloxhnuhrlgu.i.optimole.com\/cb:pNqe.61d\/w:407\/h:495\/q:mauto\/f:best\/https:\/\/technosolutions.tn\/tsc\/wp-content\/uploads\/2024\/07\/tcu-2.png\" class=\"attachment-large size-large wp-image-3249\" alt=\"\" srcset=\"https:\/\/mloxhnuhrlgu.i.optimole.com\/cb:pNqe.61d\/w:407\/h:495\/q:mauto\/f:best\/https:\/\/technosolutions.tn\/tsc\/wp-content\/uploads\/2024\/07\/tcu-2.png 407w, https:\/\/mloxhnuhrlgu.i.optimole.com\/cb:pNqe.61d\/w:247\/h:300\/q:mauto\/f:best\/https:\/\/technosolutions.tn\/tsc\/wp-content\/uploads\/2024\/07\/tcu-2.png 247w\" sizes=\"(max-width: 407px) 100vw, 407px\" \/>\t\t\t\t\t\t\t\t\t\t\t\t\t\t\t<\/div>\n\t\t\t\t<\/div>\n\t\t\t\t<div class=\"elementor-element elementor-element-5bda88f5 elementor-widget__width-initial elementor-invisible elementor-widget elementor-widget-image\" data-id=\"5bda88f5\" data-element_type=\"widget\" data-settings=\"{&quot;_animation&quot;:&quot;fadeInDown&quot;,&quot;_animation_tablet&quot;:&quot;fadeInRight&quot;,&quot;_animation_delay&quot;:&quot;200&quot;}\" data-widget_type=\"image.default\">\n\t\t\t\t<div class=\"elementor-widget-container\">\n\t\t\t\t\t\t\t\t\t\t\t\t\t\t\t<img data-opt-id=1378909160  data-opt-src=\"https:\/\/mloxhnuhrlgu.i.optimole.com\/cb:pNqe.61d\/w:407\/h:495\/q:mauto\/f:best\/https:\/\/technosolutions.tn\/tsc\/wp-content\/uploads\/2024\/07\/tcu-3.png\"  decoding=\"async\" width=\"407\" height=\"495\" src=\"data:image/svg+xml,%3Csvg%20viewBox%3D%220%200%20407%20495%22%20width%3D%22407%22%20height%3D%22495%22%20xmlns%3D%22http%3A%2F%2Fwww.w3.org%2F2000%2Fsvg%22%3E%3Crect%20width%3D%22407%22%20height%3D%22495%22%20fill%3D%22transparent%22%2F%3E%3C%2Fsvg%3E\" class=\"attachment-large size-large wp-image-3250\" alt=\"\" old-srcset=\"https:\/\/mloxhnuhrlgu.i.optimole.com\/cb:pNqe.61d\/w:407\/h:495\/q:mauto\/f:best\/https:\/\/technosolutions.tn\/tsc\/wp-content\/uploads\/2024\/07\/tcu-3.png 407w, https:\/\/mloxhnuhrlgu.i.optimole.com\/cb:pNqe.61d\/w:247\/h:300\/q:mauto\/f:best\/https:\/\/technosolutions.tn\/tsc\/wp-content\/uploads\/2024\/07\/tcu-3.png 247w\" \/>\t\t\t\t\t\t\t\t\t\t\t\t\t\t\t<\/div>\n\t\t\t\t<\/div>\n\t\t\t\t<div class=\"elementor-element elementor-element-1c05bdf5 elementor-invisible elementor-widget elementor-widget-text-editor\" data-id=\"1c05bdf5\" data-element_type=\"widget\" data-settings=\"{&quot;_animation&quot;:&quot;fadeInUp&quot;}\" data-widget_type=\"text-editor.default\">\n\t\t\t\t<div class=\"elementor-widget-container\">\n\t\t\t\t\t\t\t\t\t<p>Unit\u00e9 de r\u00e9gulation et de contr\u00f4le de temp\u00e9rature pour mini Bains de soudure \u00e0 \u00e9tain<br \/>Compatible avec les bains de soudure ERSA<br \/>Adapter pour tout autre type de mini bains de soudure<br \/>Favorise un gain d\u2019\u00e9nergie remarquable<br \/>Stabilit\u00e9 de temp\u00e9rature d\u2019\u00e9tamage<\/p>\t\t\t\t\t\t\t\t<\/div>\n\t\t\t\t<\/div>\n\t\t\t\t<\/div>\n\t\t\t\t<\/div>\n\t\t<div class=\"elementor-element elementor-element-1f21259a e-flex e-con-boxed e-con e-parent\" data-id=\"1f21259a\" data-element_type=\"container\">\n\t\t\t\t\t<div class=\"e-con-inner\">\n\t\t<div class=\"elementor-element elementor-element-4589673e e-flex e-con-boxed e-con e-child\" data-id=\"4589673e\" data-element_type=\"container\">\n\t\t\t\t\t<div class=\"e-con-inner\">\n\t\t\t\t<div class=\"elementor-element elementor-element-6c6ad9c elementor-widget elementor-widget-bdt-image-magnifier\" data-id=\"6c6ad9c\" data-element_type=\"widget\" data-widget_type=\"bdt-image-magnifier.default\">\n\t\t\t\t<div class=\"elementor-widget-container\">\n\t\t\t\t\t            <div data-settings=\"{&quot;type&quot;:&quot;inner&quot;,&quot;bigImageSrc&quot;:&quot;https:\\/\\/mloxhnuhrlgu.i.optimole.com\\/cb:pNqe.61d\\/w:1200\\/h:800\\/q:mauto\\/f:best\\/https:\\/\\/technosolutions.tn\\/tsc\\/wp-content\\/uploads\\/2024\\/07\\/tcu-1.png&quot;,&quot;smoothMove&quot;:true,&quot;preload&quot;:true,&quot;zoomSize&quot;:[480,300],&quot;offset&quot;:[0,0]}\" class=\"bdt-image-magnifier bdt-position-relative\">\n                <img data-opt-id=401613553  data-opt-src=\"https:\/\/mloxhnuhrlgu.i.optimole.com\/cb:pNqe.61d\/w:1200\/h:800\/q:mauto\/f:best\/https:\/\/technosolutions.tn\/tsc\/wp-content\/uploads\/2024\/07\/tcu-1.png\"  decoding=\"async\" class=\"bdt-image-magnifier-image\" src=\"data:image/svg+xml,%3Csvg%20viewBox%3D%220%200%201200%20800%22%20width%3D%221200%22%20height%3D%22800%22%20xmlns%3D%22http%3A%2F%2Fwww.w3.org%2F2000%2Fsvg%22%3E%3Crect%20width%3D%221200%22%20height%3D%22800%22%20fill%3D%22transparent%22%2F%3E%3C%2Fsvg%3E\" alt=\"\">\n            <\/div>\n            \t\t\t\t<\/div>\n\t\t\t\t<\/div>\n\t\t\t\t\t<\/div>\n\t\t\t\t<\/div>\n\t\t\t\t\t<\/div>\n\t\t\t\t<\/div>\n\t\t\t\t<\/div>\n\t\t","protected":false},"excerpt":{"rendered":"<p>Unit\u00e9 de r\u00e9gulation TCU-DK Unit\u00e9 de r\u00e9gulation et de contr\u00f4le de temp\u00e9rature pour mini Bains de soudure \u00e0 \u00e9tainCompatible avec les bains de soudure ERSAAdapter pour tout autre type de mini bains de soudureFavorise un gain d\u2019\u00e9nergie remarquableStabilit\u00e9 de temp\u00e9rature d\u2019\u00e9tamage<\/p>\n","protected":false},"author":1,"featured_media":0,"parent":3067,"menu_order":1,"comment_status":"closed","ping_status":"closed","template":"","meta":{"ngg_post_thumbnail":0,"footnotes":""},"class_list":["post-3236","page","type-page","status-publish","hentry"],"yoast_head":"<!-- This site is optimized with the Yoast SEO plugin v26.8 - https:\/\/yoast.com\/product\/yoast-seo-wordpress\/ -->\n<title>TCU-DK - Techno Solutions Company<\/title>\n<meta name=\"robots\" content=\"index, follow, max-snippet:-1, max-image-preview:large, max-video-preview:-1\" \/>\n<link rel=\"canonical\" href=\"https:\/\/technosolutions.tn\/tsc\/tsc-produits\/industrie-cablage-automobile\/bains-de-soudure\/tcu-dk\/\" \/>\n<meta property=\"og:locale\" content=\"fr_FR\" \/>\n<meta property=\"og:type\" content=\"article\" \/>\n<meta property=\"og:title\" content=\"TCU-DK - Techno Solutions Company\" \/>\n<meta property=\"og:description\" content=\"Unit\u00e9 de r\u00e9gulation TCU-DK Unit\u00e9 de r\u00e9gulation et de contr\u00f4le de temp\u00e9rature pour mini Bains de soudure \u00e0 \u00e9tainCompatible avec les bains de soudure ERSAAdapter pour tout autre type de mini bains de soudureFavorise un gain d\u2019\u00e9nergie remarquableStabilit\u00e9 de temp\u00e9rature d\u2019\u00e9tamage\" \/>\n<meta property=\"og:url\" content=\"https:\/\/technosolutions.tn\/tsc\/tsc-produits\/industrie-cablage-automobile\/bains-de-soudure\/tcu-dk\/\" \/>\n<meta property=\"og:site_name\" content=\"Techno Solutions Company\" \/>\n<meta property=\"article:publisher\" content=\"https:\/\/en-gb.facebook.com\/TSCComp\/\" \/>\n<meta property=\"article:modified_time\" content=\"2024-08-09T20:09:00+00:00\" \/>\n<meta property=\"og:image\" content=\"https:\/\/mloxhnuhrlgu.i.optimole.com\/cb:pNqe.61d\/w:1024\/h:683\/q:mauto\/f:best\/http:\/\/technosolutions.tn\/tsc\/wp-content\/uploads\/2024\/07\/TCU.png\" \/>\n<meta name=\"twitter:card\" content=\"summary_large_image\" \/>\n<script type=\"application\/ld+json\" class=\"yoast-schema-graph\">{\"@context\":\"https:\/\/schema.org\",\"@graph\":[{\"@type\":\"WebPage\",\"@id\":\"https:\/\/technosolutions.tn\/tsc\/tsc-produits\/industrie-cablage-automobile\/bains-de-soudure\/tcu-dk\/\",\"url\":\"https:\/\/technosolutions.tn\/tsc\/tsc-produits\/industrie-cablage-automobile\/bains-de-soudure\/tcu-dk\/\",\"name\":\"TCU-DK - Techno Solutions Company\",\"isPartOf\":{\"@id\":\"https:\/\/technosolutions.tn\/tsc\/#website\"},\"primaryImageOfPage\":{\"@id\":\"https:\/\/technosolutions.tn\/tsc\/tsc-produits\/industrie-cablage-automobile\/bains-de-soudure\/tcu-dk\/#primaryimage\"},\"image\":{\"@id\":\"https:\/\/technosolutions.tn\/tsc\/tsc-produits\/industrie-cablage-automobile\/bains-de-soudure\/tcu-dk\/#primaryimage\"},\"thumbnailUrl\":\"https:\/\/mloxhnuhrlgu.i.optimole.com\/cb:pNqe.61d\/w:1024\/h:683\/q:mauto\/f:best\/http:\/\/technosolutions.tn\/tsc\/wp-content\/uploads\/2024\/07\/TCU.png\",\"datePublished\":\"2024-07-21T19:13:09+00:00\",\"dateModified\":\"2024-08-09T20:09:00+00:00\",\"breadcrumb\":{\"@id\":\"https:\/\/technosolutions.tn\/tsc\/tsc-produits\/industrie-cablage-automobile\/bains-de-soudure\/tcu-dk\/#breadcrumb\"},\"inLanguage\":\"fr-FR\",\"potentialAction\":[{\"@type\":\"ReadAction\",\"target\":[\"https:\/\/technosolutions.tn\/tsc\/tsc-produits\/industrie-cablage-automobile\/bains-de-soudure\/tcu-dk\/\"]}]},{\"@type\":\"ImageObject\",\"inLanguage\":\"fr-FR\",\"@id\":\"https:\/\/technosolutions.tn\/tsc\/tsc-produits\/industrie-cablage-automobile\/bains-de-soudure\/tcu-dk\/#primaryimage\",\"url\":\"https:\/\/mloxhnuhrlgu.i.optimole.com\/cb:pNqe.61d\/w:1024\/h:683\/q:mauto\/f:best\/http:\/\/technosolutions.tn\/tsc\/wp-content\/uploads\/2024\/07\/TCU.png\",\"contentUrl\":\"https:\/\/mloxhnuhrlgu.i.optimole.com\/cb:pNqe.61d\/w:1024\/h:683\/q:mauto\/f:best\/http:\/\/technosolutions.tn\/tsc\/wp-content\/uploads\/2024\/07\/TCU.png\"},{\"@type\":\"BreadcrumbList\",\"@id\":\"https:\/\/technosolutions.tn\/tsc\/tsc-produits\/industrie-cablage-automobile\/bains-de-soudure\/tcu-dk\/#breadcrumb\",\"itemListElement\":[{\"@type\":\"ListItem\",\"position\":1,\"name\":\"Home\",\"item\":\"https:\/\/technosolutions.tn\/tsc\/\"},{\"@type\":\"ListItem\",\"position\":2,\"name\":\"TSC-Produits\",\"item\":\"https:\/\/technosolutions.tn\/tsc\/tsc-produits\/\"},{\"@type\":\"ListItem\",\"position\":3,\"name\":\"Industrie cablage automobile\",\"item\":\"https:\/\/technosolutions.tn\/tsc\/tsc-produits\/industrie-cablage-automobile\/\"},{\"@type\":\"ListItem\",\"position\":4,\"name\":\"Bains de soudure\",\"item\":\"https:\/\/technosolutions.tn\/tsc\/tsc-produits\/industrie-cablage-automobile\/bains-de-soudure\/\"},{\"@type\":\"ListItem\",\"position\":5,\"name\":\"TCU-DK\"}]},{\"@type\":\"WebSite\",\"@id\":\"https:\/\/technosolutions.tn\/tsc\/#website\",\"url\":\"https:\/\/technosolutions.tn\/tsc\/\",\"name\":\"Techno Solutions Company\",\"description\":\"TSC Web Site\",\"publisher\":{\"@id\":\"https:\/\/technosolutions.tn\/tsc\/#organization\"},\"potentialAction\":[{\"@type\":\"SearchAction\",\"target\":{\"@type\":\"EntryPoint\",\"urlTemplate\":\"https:\/\/technosolutions.tn\/tsc\/?s={search_term_string}\"},\"query-input\":{\"@type\":\"PropertyValueSpecification\",\"valueRequired\":true,\"valueName\":\"search_term_string\"}}],\"inLanguage\":\"fr-FR\"},{\"@type\":\"Organization\",\"@id\":\"https:\/\/technosolutions.tn\/tsc\/#organization\",\"name\":\"STE Techno Solutions Company\",\"alternateName\":\"TSC\",\"url\":\"https:\/\/technosolutions.tn\/tsc\/\",\"logo\":{\"@type\":\"ImageObject\",\"inLanguage\":\"fr-FR\",\"@id\":\"https:\/\/technosolutions.tn\/tsc\/#\/schema\/logo\/image\/\",\"url\":\"https:\/\/mloxhnuhrlgu.i.optimole.com\/cb:pNqe.61d\/w:auto\/h:auto\/q:mauto\/f:best\/https:\/\/technosolutions.tn\/tsc\/wp-content\/uploads\/2026\/01\/cropped-TSC-LOGO2020-h-2026.png\",\"contentUrl\":\"https:\/\/mloxhnuhrlgu.i.optimole.com\/cb:pNqe.61d\/w:auto\/h:auto\/q:mauto\/f:best\/https:\/\/technosolutions.tn\/tsc\/wp-content\/uploads\/2026\/01\/cropped-TSC-LOGO2020-h-2026.png\",\"width\":580,\"height\":100,\"caption\":\"STE Techno Solutions Company\"},\"image\":{\"@id\":\"https:\/\/technosolutions.tn\/tsc\/#\/schema\/logo\/image\/\"},\"sameAs\":[\"https:\/\/en-gb.facebook.com\/TSCComp\/\",\"https:\/\/www.instagram.com\/senadbytsc\/\",\"https:\/\/www.linkedin.com\/company\/techno-solutions-company\"]}]}<\/script>\n<!-- \/ Yoast SEO plugin. -->","yoast_head_json":{"title":"TCU-DK - Techno Solutions Company","robots":{"index":"index","follow":"follow","max-snippet":"max-snippet:-1","max-image-preview":"max-image-preview:large","max-video-preview":"max-video-preview:-1"},"canonical":"https:\/\/technosolutions.tn\/tsc\/tsc-produits\/industrie-cablage-automobile\/bains-de-soudure\/tcu-dk\/","og_locale":"fr_FR","og_type":"article","og_title":"TCU-DK - Techno Solutions Company","og_description":"Unit\u00e9 de r\u00e9gulation TCU-DK Unit\u00e9 de r\u00e9gulation et de contr\u00f4le de temp\u00e9rature pour mini Bains de soudure \u00e0 \u00e9tainCompatible avec les bains de soudure ERSAAdapter pour tout autre type de mini bains de soudureFavorise un gain d\u2019\u00e9nergie remarquableStabilit\u00e9 de temp\u00e9rature d\u2019\u00e9tamage","og_url":"https:\/\/technosolutions.tn\/tsc\/tsc-produits\/industrie-cablage-automobile\/bains-de-soudure\/tcu-dk\/","og_site_name":"Techno Solutions Company","article_publisher":"https:\/\/en-gb.facebook.com\/TSCComp\/","article_modified_time":"2024-08-09T20:09:00+00:00","og_image":[{"url":"https:\/\/mloxhnuhrlgu.i.optimole.com\/cb:pNqe.61d\/w:1024\/h:683\/q:mauto\/f:best\/http:\/\/technosolutions.tn\/tsc\/wp-content\/uploads\/2024\/07\/TCU.png","type":"","width":"","height":""}],"twitter_card":"summary_large_image","schema":{"@context":"https:\/\/schema.org","@graph":[{"@type":"WebPage","@id":"https:\/\/technosolutions.tn\/tsc\/tsc-produits\/industrie-cablage-automobile\/bains-de-soudure\/tcu-dk\/","url":"https:\/\/technosolutions.tn\/tsc\/tsc-produits\/industrie-cablage-automobile\/bains-de-soudure\/tcu-dk\/","name":"TCU-DK - Techno Solutions Company","isPartOf":{"@id":"https:\/\/technosolutions.tn\/tsc\/#website"},"primaryImageOfPage":{"@id":"https:\/\/technosolutions.tn\/tsc\/tsc-produits\/industrie-cablage-automobile\/bains-de-soudure\/tcu-dk\/#primaryimage"},"image":{"@id":"https:\/\/technosolutions.tn\/tsc\/tsc-produits\/industrie-cablage-automobile\/bains-de-soudure\/tcu-dk\/#primaryimage"},"thumbnailUrl":"https:\/\/mloxhnuhrlgu.i.optimole.com\/cb:pNqe.61d\/w:1024\/h:683\/q:mauto\/f:best\/http:\/\/technosolutions.tn\/tsc\/wp-content\/uploads\/2024\/07\/TCU.png","datePublished":"2024-07-21T19:13:09+00:00","dateModified":"2024-08-09T20:09:00+00:00","breadcrumb":{"@id":"https:\/\/technosolutions.tn\/tsc\/tsc-produits\/industrie-cablage-automobile\/bains-de-soudure\/tcu-dk\/#breadcrumb"},"inLanguage":"fr-FR","potentialAction":[{"@type":"ReadAction","target":["https:\/\/technosolutions.tn\/tsc\/tsc-produits\/industrie-cablage-automobile\/bains-de-soudure\/tcu-dk\/"]}]},{"@type":"ImageObject","inLanguage":"fr-FR","@id":"https:\/\/technosolutions.tn\/tsc\/tsc-produits\/industrie-cablage-automobile\/bains-de-soudure\/tcu-dk\/#primaryimage","url":"https:\/\/mloxhnuhrlgu.i.optimole.com\/cb:pNqe.61d\/w:1024\/h:683\/q:mauto\/f:best\/http:\/\/technosolutions.tn\/tsc\/wp-content\/uploads\/2024\/07\/TCU.png","contentUrl":"https:\/\/mloxhnuhrlgu.i.optimole.com\/cb:pNqe.61d\/w:1024\/h:683\/q:mauto\/f:best\/http:\/\/technosolutions.tn\/tsc\/wp-content\/uploads\/2024\/07\/TCU.png"},{"@type":"BreadcrumbList","@id":"https:\/\/technosolutions.tn\/tsc\/tsc-produits\/industrie-cablage-automobile\/bains-de-soudure\/tcu-dk\/#breadcrumb","itemListElement":[{"@type":"ListItem","position":1,"name":"Home","item":"https:\/\/technosolutions.tn\/tsc\/"},{"@type":"ListItem","position":2,"name":"TSC-Produits","item":"https:\/\/technosolutions.tn\/tsc\/tsc-produits\/"},{"@type":"ListItem","position":3,"name":"Industrie cablage automobile","item":"https:\/\/technosolutions.tn\/tsc\/tsc-produits\/industrie-cablage-automobile\/"},{"@type":"ListItem","position":4,"name":"Bains de soudure","item":"https:\/\/technosolutions.tn\/tsc\/tsc-produits\/industrie-cablage-automobile\/bains-de-soudure\/"},{"@type":"ListItem","position":5,"name":"TCU-DK"}]},{"@type":"WebSite","@id":"https:\/\/technosolutions.tn\/tsc\/#website","url":"https:\/\/technosolutions.tn\/tsc\/","name":"Techno Solutions Company","description":"TSC Web Site","publisher":{"@id":"https:\/\/technosolutions.tn\/tsc\/#organization"},"potentialAction":[{"@type":"SearchAction","target":{"@type":"EntryPoint","urlTemplate":"https:\/\/technosolutions.tn\/tsc\/?s={search_term_string}"},"query-input":{"@type":"PropertyValueSpecification","valueRequired":true,"valueName":"search_term_string"}}],"inLanguage":"fr-FR"},{"@type":"Organization","@id":"https:\/\/technosolutions.tn\/tsc\/#organization","name":"STE Techno Solutions Company","alternateName":"TSC","url":"https:\/\/technosolutions.tn\/tsc\/","logo":{"@type":"ImageObject","inLanguage":"fr-FR","@id":"https:\/\/technosolutions.tn\/tsc\/#\/schema\/logo\/image\/","url":"https:\/\/mloxhnuhrlgu.i.optimole.com\/cb:pNqe.61d\/w:auto\/h:auto\/q:mauto\/f:best\/https:\/\/technosolutions.tn\/tsc\/wp-content\/uploads\/2026\/01\/cropped-TSC-LOGO2020-h-2026.png","contentUrl":"https:\/\/mloxhnuhrlgu.i.optimole.com\/cb:pNqe.61d\/w:auto\/h:auto\/q:mauto\/f:best\/https:\/\/technosolutions.tn\/tsc\/wp-content\/uploads\/2026\/01\/cropped-TSC-LOGO2020-h-2026.png","width":580,"height":100,"caption":"STE Techno Solutions Company"},"image":{"@id":"https:\/\/technosolutions.tn\/tsc\/#\/schema\/logo\/image\/"},"sameAs":["https:\/\/en-gb.facebook.com\/TSCComp\/","https:\/\/www.instagram.com\/senadbytsc\/","https:\/\/www.linkedin.com\/company\/techno-solutions-company"]}]}},"_links":{"self":[{"href":"https:\/\/technosolutions.tn\/tsc\/wp-json\/wp\/v2\/pages\/3236","targetHints":{"allow":["GET"]}}],"collection":[{"href":"https:\/\/technosolutions.tn\/tsc\/wp-json\/wp\/v2\/pages"}],"about":[{"href":"https:\/\/technosolutions.tn\/tsc\/wp-json\/wp\/v2\/types\/page"}],"author":[{"embeddable":true,"href":"https:\/\/technosolutions.tn\/tsc\/wp-json\/wp\/v2\/users\/1"}],"replies":[{"embeddable":true,"href":"https:\/\/technosolutions.tn\/tsc\/wp-json\/wp\/v2\/comments?post=3236"}],"version-history":[{"count":10,"href":"https:\/\/technosolutions.tn\/tsc\/wp-json\/wp\/v2\/pages\/3236\/revisions"}],"predecessor-version":[{"id":3256,"href":"https:\/\/technosolutions.tn\/tsc\/wp-json\/wp\/v2\/pages\/3236\/revisions\/3256"}],"up":[{"embeddable":true,"href":"https:\/\/technosolutions.tn\/tsc\/wp-json\/wp\/v2\/pages\/3067"}],"wp:attachment":[{"href":"https:\/\/technosolutions.tn\/tsc\/wp-json\/wp\/v2\/media?parent=3236"}],"curies":[{"name":"wp","href":"https:\/\/api.w.org\/{rel}","templated":true}]}}